{"id":120,"date":"2025-01-24T10:16:14","date_gmt":"2025-01-24T10:16:14","guid":{"rendered":"https:\/\/epicchampionship.com\/swc\/homepage-swc\/"},"modified":"2026-02-23T13:15:00","modified_gmt":"2026-02-23T13:15:00","slug":"homepage-swc","status":"publish","type":"page","link":"https:\/\/spanishwinterchampionship.com\/es\/","title":{"rendered":"Homepage"},"content":{"rendered":"<div class=\"lazyblock-next-race-countdown-Z1fAvmU wp-block-lazyblock-next-race-countdown\">\r\n        <section class=\"screen-width next-race-countdown uk-background-cover uk-flex\" uk-parallax=\"bgy: -200\" style=\"background-image: url(https:\/\/spanishwinterchampionship.com\/wp-content\/uploads\/sites\/2\/2025\/02\/BG_web_2c.jpg);\">\r\n    \r\n        <div class=\"uk-margin-auto uk-margin-auto-vertical uk-container uk-width-1-1\">\r\n            <div class=\"uk-container\">\r\n                <div class=\"uk-width-1-1 uk-width-1-2@m uk-width-2-5@l uk-width-1-3@xl\">\r\n                    <h1>SPANISH WINTER CHAMPIONSHIP<\/h1>\r\n                    <p>Este invierno, el deporte del motor recibe un nuevo giro.<br>Competidores feroces y circuitos emocionantes que har\u00e1n de este invierno uno inolvidable.<\/p>\r\n\r\n                                            <div style=\"height:40vh;\"><\/div>\r\n                                    <\/div>\r\n            <\/div>\r\n        <\/div>\r\n\r\n\r\n    <\/section>\r\n\r\n<\/div>\n\n<div class=\"lazyblock-season-start-countdown-Z27rvVa wp-block-lazyblock-season-start-countdown\">\r\n<\/div>\n\n<div class=\"lazyblock-latest-news-2kpgON wp-block-lazyblock-latest-news\">\r\n    <section class=\"newsblock\">\r\n        <div class=\"uk-container\">\r\n\r\n            <h2>\u00daltimas noticias<\/h2>\r\n\r\n            <div class=\"uk-flex uk-flex-stretch uk-flex-column uk-flex-row@m\">\r\n\r\n                \r\n                <div class=\"uk-grid uk-grid-small uk-grid-match uk-flex-auto uk-child-width-1-3@m\" uk-grid>\r\n                                            <div uk-scrollspy=\"cls: uk-animation-slide-top-medium; delay: 300\">\r\n                            <div class=\"uk-card uk-card-default\">\r\n            <a href=\"https:\/\/spanishwinterchampionship.com\/es\/noticias\/epic-championships-la-plataforma-que-une-spanish-winter-championship-f4-spanish-championship-y-eurocup-3\/\" class=\"news-photo photo\">\r\n            <div class=\"uk-card-media-top uk-cover-container\">\r\n                <div style=\"height: 200px\">\r\n                    <img decoding=\"async\" src=\"https:\/\/spanishwinterchampionship.com\/wp-content\/uploads\/sites\/2\/2026\/03\/285A6926-1-scaled.jpg\" uk-cover \/>\r\n                <\/div>\r\n            <\/div>\r\n        <\/a>\r\n    \r\n    <div class=\"uk-card-body\">\r\n                \r\n        <h3 class=\"uk-card-title\">\r\n            <a href=\"https:\/\/spanishwinterchampionship.com\/es\/noticias\/epic-championships-la-plataforma-que-une-spanish-winter-championship-f4-spanish-championship-y-eurocup-3\/\">EPIC Championships: la plataforma que une Spanish Winter Championship, F4 Spanish Championship y Eurocup-3<\/a>\r\n        <\/h3>\r\n        <div>\r\n            <p class=\"uk-text-meta\">\r\n                19 marzo 2026            <\/p>\r\n        <\/div>\r\n        <div class=\"tag-container uk-visible@s\">\r\n        <div class=\"tags\">\r\n            \r\n        <\/div>\r\n    <\/div>\r\n    <\/div>\r\n<\/div>                        <\/div>\r\n                                                <div uk-scrollspy=\"cls: uk-animation-slide-top-medium; delay: 300\">\r\n                            <div class=\"uk-card uk-card-default\">\r\n            <a href=\"https:\/\/spanishwinterchampionship.com\/es\/noticias\/monteiro-y-al-azhari-se-coronan-campeones-en-la-final-del-spanish-winter-championship-en-motorland-aragon\/\" class=\"news-photo photo\">\r\n            <div class=\"uk-card-media-top uk-cover-container\">\r\n                <div style=\"height: 200px\">\r\n                    <img decoding=\"async\" src=\"https:\/\/spanishwinterchampionship.com\/wp-content\/uploads\/sites\/2\/2026\/03\/122A7458-1-scaled.jpg\" uk-cover \/>\r\n                <\/div>\r\n            <\/div>\r\n        <\/a>\r\n    \r\n    <div class=\"uk-card-body\">\r\n                \r\n        <h3 class=\"uk-card-title\">\r\n            <a href=\"https:\/\/spanishwinterchampionship.com\/es\/noticias\/monteiro-y-al-azhari-se-coronan-campeones-en-la-final-del-spanish-winter-championship-en-motorland-aragon\/\">Monteiro y Al Azhari se coronan campeones en la final del Spanish Winter Championship en MotorLand Arag\u00f3n<\/a>\r\n        <\/h3>\r\n        <div>\r\n            <p class=\"uk-text-meta\">\r\n                15 marzo 2026            <\/p>\r\n        <\/div>\r\n        <div class=\"tag-container uk-visible@s\">\r\n        <div class=\"tags\">\r\n            \r\n        <\/div>\r\n    <\/div>\r\n    <\/div>\r\n<\/div>                        <\/div>\r\n                                                <div uk-scrollspy=\"cls: uk-animation-slide-top-medium; delay: 300\">\r\n                            <div class=\"uk-card uk-card-default\">\r\n            <a href=\"https:\/\/spanishwinterchampionship.com\/es\/noticias\/ultima-ronda-de-la-spanish-winter-championship-programada-para-motorland-aragon\/\" class=\"news-photo photo\">\r\n            <div class=\"uk-card-media-top uk-cover-container\">\r\n                <div style=\"height: 200px\">\r\n                    <img decoding=\"async\" src=\"https:\/\/spanishwinterchampionship.com\/wp-content\/uploads\/sites\/2\/2026\/03\/122A4825-1-1-scaled.jpg\" uk-cover \/>\r\n                <\/div>\r\n            <\/div>\r\n        <\/a>\r\n    \r\n    <div class=\"uk-card-body\">\r\n                \r\n        <h3 class=\"uk-card-title\">\r\n            <a href=\"https:\/\/spanishwinterchampionship.com\/es\/noticias\/ultima-ronda-de-la-spanish-winter-championship-programada-para-motorland-aragon\/\">\u00daltima ronda de la Spanish Winter Championship programada para MotorLand Arag\u00f3n<\/a>\r\n        <\/h3>\r\n        <div>\r\n            <p class=\"uk-text-meta\">\r\n                12 marzo 2026            <\/p>\r\n        <\/div>\r\n        <div class=\"tag-container uk-visible@s\">\r\n        <div class=\"tags\">\r\n            \r\n        <\/div>\r\n    <\/div>\r\n    <\/div>\r\n<\/div>                        <\/div>\r\n                                        <\/div>\r\n            <\/div>\r\n\r\n                        <div class=\"uk-align-right uk-margin-top\">\r\n                <a class=\"uk-button uk-button-primary\" href=\"https:\/\/spanishwinterchampionship.com\/es\/\/newsarticle\">Ver todo<\/a>\r\n            <\/div>\r\n        <\/div>\r\n    <\/section>\r\n<\/div>\n\n\n<p><\/p>\n","protected":false},"excerpt":{"rendered":"","protected":false},"author":4,"featured_media":0,"parent":0,"menu_order":0,"comment_status":"closed","ping_status":"closed","template":"","meta":{"_acf_changed":false,"r1-race-rules":"","r1cancelledevent":false,"r1completed":false,"first_race":"%5B%5D","r2-race-rules":"","r2cancelledevent":false,"r2completed":false,"second_race":"%5B%5D","r3-race-rules":"","r3cancelledevent":false,"r3completed":false,"third_race":"%5B%5D","show-schedule":false,"show-day-1":false,"schedule1date":"","schedule1":"%5B%5D","show-day-2":false,"schedule2date":"","schedule2":"%5B%5D","show-day-3":false,"schedule3date":"","show-day-4":false,"schedule4date":"","schedule3":"%5B%5D","schedule4":"%5B%5D","q1-race-rules":"","q1cancelledevent":false,"q1completed":false,"qualy1":"%5B%5D","q2-race-rules":"","q2cancelledevent":false,"q2completed":false,"qualy2":"%5B%5D","p2cancelledevent":false,"practice-2":"%5B%5D","p1cancelledevent":false,"practice-1":"%5B%5D","drivers-list":"%5B%5D","teams-list":"%5B%5D","footnotes":""},"class_list":["post-120","page","type-page","status-publish","hentry"],"acf":[],"yoast_head":"<!-- This site is optimized with the Yoast SEO plugin v26.2 - https:\/\/yoast.com\/wordpress\/plugins\/seo\/ -->\n<title>El Spanish Winter Championship, una liga de temporada multif\u00f3rmula de F4 y F3 con sede en Espa\u00f1a que calienta las pistas en la temporada de fr\u00edo<\/title>\n<meta name=\"description\" content=\"Dos categor\u00edas: \u00a1el enfrentamiento invernal definitivo! El SWC re\u00fane dos categor\u00edas poderosas que luchan por la victoria: F4 y EC3.\" \/>\n<meta name=\"robots\" content=\"index, follow, max-snippet:-1, max-image-preview:large, max-video-preview:-1\" \/>\n<link rel=\"canonical\" href=\"https:\/\/spanishwinterchampionship.com\/es\/\" \/>\n<meta property=\"og:locale\" content=\"es_ES\" \/>\n<meta property=\"og:type\" content=\"article\" \/>\n<meta property=\"og:title\" content=\"El Spanish Winter Championship, una liga de temporada multif\u00f3rmula de F4 y F3 con sede en Espa\u00f1a que calienta las pistas en la temporada de fr\u00edo\" \/>\n<meta property=\"og:description\" content=\"Dos categor\u00edas: \u00a1el enfrentamiento invernal definitivo! El SWC re\u00fane dos categor\u00edas poderosas que luchan por la victoria: F4 y EC3.\" \/>\n<meta property=\"og:url\" content=\"https:\/\/spanishwinterchampionship.com\/es\/\" \/>\n<meta property=\"og:site_name\" content=\"spanish winter championship\" \/>\n<meta property=\"article:publisher\" content=\"https:\/\/www.facebook.com\/people\/Spanish-Winter-Championship\" \/>\n<meta property=\"article:modified_time\" content=\"2026-02-23T13:15:00+00:00\" \/>\n<meta property=\"og:image\" content=\"https:\/\/spanishwinterchampionship.com\/wp-content\/uploads\/sites\/2\/2025\/01\/jerez-cover.jpg\" \/>\n\t<meta property=\"og:image:width\" content=\"1600\" \/>\n\t<meta property=\"og:image:height\" content=\"1154\" \/>\n\t<meta property=\"og:image:type\" content=\"image\/jpeg\" \/>\n<meta name=\"twitter:card\" content=\"summary_large_image\" \/>\n<meta name=\"twitter:label1\" content=\"Tiempo de lectura\" \/>\n\t<meta name=\"twitter:data1\" content=\"1 minuto\" \/>\n<script type=\"application\/ld+json\" class=\"yoast-schema-graph\">{\"@context\":\"https:\/\/schema.org\",\"@graph\":[{\"@type\":\"WebPage\",\"@id\":\"https:\/\/spanishwinterchampionship.com\/es\/\",\"url\":\"https:\/\/spanishwinterchampionship.com\/es\/\",\"name\":\"El Spanish Winter Championship, una liga de temporada multif\u00f3rmula de F4 y F3 con sede en Espa\u00f1a que calienta las pistas en la temporada de fr\u00edo\",\"isPartOf\":{\"@id\":\"https:\/\/spanishwinterchampionship.com\/es\/#website\"},\"datePublished\":\"2025-01-24T10:16:14+00:00\",\"dateModified\":\"2026-02-23T13:15:00+00:00\",\"description\":\"Dos categor\u00edas: \u00a1el enfrentamiento invernal definitivo! El SWC re\u00fane dos categor\u00edas poderosas que luchan por la victoria: F4 y EC3.\",\"breadcrumb\":{\"@id\":\"https:\/\/spanishwinterchampionship.com\/es\/#breadcrumb\"},\"inLanguage\":\"es\",\"potentialAction\":[{\"@type\":\"ReadAction\",\"target\":[\"https:\/\/spanishwinterchampionship.com\/es\/\"]}]},{\"@type\":\"BreadcrumbList\",\"@id\":\"https:\/\/spanishwinterchampionship.com\/es\/#breadcrumb\",\"itemListElement\":[{\"@type\":\"ListItem\",\"position\":1,\"name\":\"Home\",\"item\":\"https:\/\/spanishwinterchampionship.com\/es\/\"},{\"@type\":\"ListItem\",\"position\":2,\"name\":\"Homepage\"}]},{\"@type\":\"WebSite\",\"@id\":\"https:\/\/spanishwinterchampionship.com\/es\/#website\",\"url\":\"https:\/\/spanishwinterchampionship.com\/es\/\",\"name\":\"spanish winter championship\",\"description\":\"\",\"publisher\":{\"@id\":\"https:\/\/spanishwinterchampionship.com\/es\/#organization\"},\"potentialAction\":[{\"@type\":\"SearchAction\",\"target\":{\"@type\":\"EntryPoint\",\"urlTemplate\":\"https:\/\/spanishwinterchampionship.com\/es\/?s={search_term_string}\"},\"query-input\":{\"@type\":\"PropertyValueSpecification\",\"valueRequired\":true,\"valueName\":\"search_term_string\"}}],\"inLanguage\":\"es\"},{\"@type\":\"Organization\",\"@id\":\"https:\/\/spanishwinterchampionship.com\/es\/#organization\",\"name\":\"spanish winter championship\",\"alternateName\":\"Epic championships Motorsport Association\",\"url\":\"https:\/\/spanishwinterchampionship.com\/es\/\",\"logo\":{\"@type\":\"ImageObject\",\"inLanguage\":\"es\",\"@id\":\"https:\/\/spanishwinterchampionship.com\/es\/#\/schema\/logo\/image\/\",\"url\":\"https:\/\/spanishwinterchampionship.com\/wp-content\/uploads\/sites\/2\/2025\/01\/main-logo.png\",\"contentUrl\":\"https:\/\/spanishwinterchampionship.com\/wp-content\/uploads\/sites\/2\/2025\/01\/main-logo.png\",\"width\":417,\"height\":101,\"caption\":\"spanish winter championship\"},\"image\":{\"@id\":\"https:\/\/spanishwinterchampionship.com\/es\/#\/schema\/logo\/image\/\"},\"sameAs\":[\"https:\/\/www.facebook.com\/people\/Spanish-Winter-Championship\",\"https:\/\/www.instagram.com\/swchofficial\/\"]}]}<\/script>\n<!-- \/ Yoast SEO plugin. -->","yoast_head_json":{"title":"El Spanish Winter Championship, una liga de temporada multif\u00f3rmula de F4 y F3 con sede en Espa\u00f1a que calienta las pistas en la temporada de fr\u00edo","description":"Dos categor\u00edas: \u00a1el enfrentamiento invernal definitivo! El SWC re\u00fane dos categor\u00edas poderosas que luchan por la victoria: F4 y EC3.","robots":{"index":"index","follow":"follow","max-snippet":"max-snippet:-1","max-image-preview":"max-image-preview:large","max-video-preview":"max-video-preview:-1"},"canonical":"https:\/\/spanishwinterchampionship.com\/es\/","og_locale":"es_ES","og_type":"article","og_title":"El Spanish Winter Championship, una liga de temporada multif\u00f3rmula de F4 y F3 con sede en Espa\u00f1a que calienta las pistas en la temporada de fr\u00edo","og_description":"Dos categor\u00edas: \u00a1el enfrentamiento invernal definitivo! El SWC re\u00fane dos categor\u00edas poderosas que luchan por la victoria: F4 y EC3.","og_url":"https:\/\/spanishwinterchampionship.com\/es\/","og_site_name":"spanish winter championship","article_publisher":"https:\/\/www.facebook.com\/people\/Spanish-Winter-Championship","article_modified_time":"2026-02-23T13:15:00+00:00","og_image":[{"width":1600,"height":1154,"url":"https:\/\/spanishwinterchampionship.com\/wp-content\/uploads\/sites\/2\/2025\/01\/jerez-cover.jpg","type":"image\/jpeg"}],"twitter_card":"summary_large_image","twitter_misc":{"Tiempo de lectura":"1 minuto"},"schema":{"@context":"https:\/\/schema.org","@graph":[{"@type":"WebPage","@id":"https:\/\/spanishwinterchampionship.com\/es\/","url":"https:\/\/spanishwinterchampionship.com\/es\/","name":"El Spanish Winter Championship, una liga de temporada multif\u00f3rmula de F4 y F3 con sede en Espa\u00f1a que calienta las pistas en la temporada de fr\u00edo","isPartOf":{"@id":"https:\/\/spanishwinterchampionship.com\/es\/#website"},"datePublished":"2025-01-24T10:16:14+00:00","dateModified":"2026-02-23T13:15:00+00:00","description":"Dos categor\u00edas: \u00a1el enfrentamiento invernal definitivo! El SWC re\u00fane dos categor\u00edas poderosas que luchan por la victoria: F4 y EC3.","breadcrumb":{"@id":"https:\/\/spanishwinterchampionship.com\/es\/#breadcrumb"},"inLanguage":"es","potentialAction":[{"@type":"ReadAction","target":["https:\/\/spanishwinterchampionship.com\/es\/"]}]},{"@type":"BreadcrumbList","@id":"https:\/\/spanishwinterchampionship.com\/es\/#breadcrumb","itemListElement":[{"@type":"ListItem","position":1,"name":"Home","item":"https:\/\/spanishwinterchampionship.com\/es\/"},{"@type":"ListItem","position":2,"name":"Homepage"}]},{"@type":"WebSite","@id":"https:\/\/spanishwinterchampionship.com\/es\/#website","url":"https:\/\/spanishwinterchampionship.com\/es\/","name":"spanish winter championship","description":"","publisher":{"@id":"https:\/\/spanishwinterchampionship.com\/es\/#organization"},"potentialAction":[{"@type":"SearchAction","target":{"@type":"EntryPoint","urlTemplate":"https:\/\/spanishwinterchampionship.com\/es\/?s={search_term_string}"},"query-input":{"@type":"PropertyValueSpecification","valueRequired":true,"valueName":"search_term_string"}}],"inLanguage":"es"},{"@type":"Organization","@id":"https:\/\/spanishwinterchampionship.com\/es\/#organization","name":"spanish winter championship","alternateName":"Epic championships Motorsport Association","url":"https:\/\/spanishwinterchampionship.com\/es\/","logo":{"@type":"ImageObject","inLanguage":"es","@id":"https:\/\/spanishwinterchampionship.com\/es\/#\/schema\/logo\/image\/","url":"https:\/\/spanishwinterchampionship.com\/wp-content\/uploads\/sites\/2\/2025\/01\/main-logo.png","contentUrl":"https:\/\/spanishwinterchampionship.com\/wp-content\/uploads\/sites\/2\/2025\/01\/main-logo.png","width":417,"height":101,"caption":"spanish winter championship"},"image":{"@id":"https:\/\/spanishwinterchampionship.com\/es\/#\/schema\/logo\/image\/"},"sameAs":["https:\/\/www.facebook.com\/people\/Spanish-Winter-Championship","https:\/\/www.instagram.com\/swchofficial\/"]}]}},"_links":{"self":[{"href":"https:\/\/spanishwinterchampionship.com\/es\/wp-json\/wp\/v2\/pages\/120","targetHints":{"allow":["GET"]}}],"collection":[{"href":"https:\/\/spanishwinterchampionship.com\/es\/wp-json\/wp\/v2\/pages"}],"about":[{"href":"https:\/\/spanishwinterchampionship.com\/es\/wp-json\/wp\/v2\/types\/page"}],"author":[{"embeddable":true,"href":"https:\/\/spanishwinterchampionship.com\/es\/wp-json\/wp\/v2\/users\/4"}],"replies":[{"embeddable":true,"href":"https:\/\/spanishwinterchampionship.com\/es\/wp-json\/wp\/v2\/comments?post=120"}],"version-history":[{"count":18,"href":"https:\/\/spanishwinterchampionship.com\/es\/wp-json\/wp\/v2\/pages\/120\/revisions"}],"predecessor-version":[{"id":929,"href":"https:\/\/spanishwinterchampionship.com\/es\/wp-json\/wp\/v2\/pages\/120\/revisions\/929"}],"wp:attachment":[{"href":"https:\/\/spanishwinterchampionship.com\/es\/wp-json\/wp\/v2\/media?parent=120"}],"curies":[{"name":"wp","href":"https:\/\/api.w.org\/{rel}","templated":true}]}}